{"id":2565,"date":"2024-09-14T02:47:34","date_gmt":"2024-09-14T02:47:34","guid":{"rendered":"https:\/\/epinpoxweb.com\/?page_id=2565"},"modified":"2025-11-07T08:01:53","modified_gmt":"2025-11-07T08:01:53","slug":"solder-tab","status":"publish","type":"page","link":"https:\/\/epinpoxweb.com\/vi\/solder-tab\/","title":{"rendered":"Ph\u1ea7n c\u1ee9ng ch\u00ednh x\u00e1c"},"content":{"rendered":"<p>1. \u200c Gia c\u00f4ng c\u00f3 \u0111\u1ed9 ch\u00ednh x\u00e1c cao \u200c: \u200c C\u00e1c b\u1ed9 ph\u1eadn ph\u1ea7n c\u1ee9ng n\u00e0y s\u1eed d\u1ee5ng thi\u1ebft b\u1ecb v\u00e0 c\u00f4ng ngh\u1ec7 x\u1eed l\u00fd c\u00f3 \u0111\u1ed9 ch\u00ednh x\u00e1c cao trong qu\u00e1 tr\u00ecnh s\u1ea3n xu\u1ea5t, \u200c ch\u1eb3ng h\u1ea1n nh\u01b0 c\u1eaft d\u00e2y ch\u1eadm, m\u00e1y \u0111\u1ee5c l\u1ed7 t\u1ed1c \u0111\u1ed9 cao c\u00f3 \u0111\u1ed9 ch\u00ednh x\u00e1c, v.v. \u200c \u0111\u1ec3 \u0111\u1ea3m b\u1ea3o k\u00edch th\u01b0\u1edbc c\u1ee7a ch\u00fang, \u200c h\u00ecnh d\u1ea1ng v\u00e0 v\u1ecb tr\u00ed c\u1ef1c k\u1ef3 ch\u00ednh x\u00e1c ti\u00eau chu\u1ea9n cao. \u200cX\u1eed l\u00fd c\u00f3 \u0111\u1ed9 ch\u00ednh x\u00e1c cao kh\u00f4ng ch\u1ec9 \u0111\u1ea3m b\u1ea3o s\u1ef1 ph\u1ed1i h\u1ee3p ch\u00ednh x\u00e1c gi\u1eefa ph\u1ea7n c\u1ee9ng v\u00e0 c\u00e1c b\u1ed9 ph\u1eadn kh\u00e1c c\u1ee7a loa m\u00e0 c\u00f2n c\u1ea3i thi\u1ec7n ch\u1ea5t l\u01b0\u1ee3ng \u00e2m thanh t\u1ed5ng th\u1ec3 c\u1ee7a loa. \u200c<br>2.\u200cV\u1eadt li\u1ec7u ch\u1ea5t l\u01b0\u1ee3ng cao\u200c:\u200c\u0110\u1ec3 \u0111\u00e1p \u1ee9ng y\u00eau c\u1ea7u cao c\u1ee7a loa v\u1ec1 ch\u1ea5t l\u01b0\u1ee3ng \u00e2m thanh v\u00e0 \u0111\u1ed9 b\u1ec1n\u200c,\u200cph\u1ea7n c\u1ee9ng ch\u00ednh x\u00e1c th\u01b0\u1eddng \u0111\u01b0\u1ee3c l\u00e0m b\u1eb1ng v\u1eadt li\u1ec7u ch\u1ea5t l\u01b0\u1ee3ng cao,\u200cch\u1eb3ng h\u1ea1n nh\u01b0 \u0111\u1ed3ng ph\u1ed1t-pho ch\u1ea5t l\u01b0\u1ee3ng cao, \u0111\u1ed3ng thau, th\u00e9p k\u1ebft c\u1ea5u cacbon,\u200cth\u00e9p kh\u00f4ng g\u1ec9, v\u00e2n v\u00e2n. . \u200cNh\u1eefng v\u1eadt li\u1ec7u n\u00e0y c\u00f3 \u0111\u1eb7c t\u00ednh c\u01a1 h\u1ecdc t\u1ed1t, ch\u1ed1ng \u0103n m\u00f2n v\u00e0 ch\u1ed1ng m\u00e0i m\u00f2n, \u0111\u1ed3ng th\u1eddi c\u00f3 th\u1ec3 duy tr\u00ec hi\u1ec7u su\u1ea5t \u1ed5n \u0111\u1ecbnh trong c\u00e1c \u0111i\u1ec1u ki\u1ec7n m\u00f4i tr\u01b0\u1eddng kh\u00e1c nhau. \u200c<br>3. \u200cThi\u1ebft k\u1ebf h\u00ecnh d\u1ea1ng ph\u1ee9c t\u1ea1p\u200c: \u200cPh\u1ea7n c\u1ee9ng ch\u00ednh x\u00e1c c\u1ee7a loa th\u01b0\u1eddng c\u00f3 thi\u1ebft k\u1ebf h\u00ecnh d\u1ea1ng ph\u1ee9c t\u1ea1p, \u200cch\u1eb3ng h\u1ea1n nh\u01b0 h\u00ecnh d\u1ea1ng r\u0103ng b\u00e1nh r\u0103ng, ch\u00e8n m\u00e3 PIN, h\u1ec7 th\u1ed1ng m\u1ea1ch t\u1eeb, v.v. \u200cNh\u1eefng thi\u1ebft k\u1ebf h\u00ecnh d\u1ea1ng n\u00e0y gi\u00fap t\u1ed1i \u01b0u h\u00f3a c\u1ea5u tr\u00fac b\u00ean trong c\u1ee7a loa, c\u1ea3i thi\u1ec7n ch\u1ea5t l\u01b0\u1ee3ng \u00e2m thanh v\u00e0 hi\u1ec7u \u1ee9ng \u00e2m thanh. \u200c\u200c<br>4. X\u1eed l\u00fd b\u1ec1 m\u1eb7t: \u0110\u1ec3 c\u1ea3i thi\u1ec7n kh\u1ea3 n\u0103ng ch\u1ed1ng \u0103n m\u00f2n v\u00e0 ch\u1ed1ng m\u00e0i m\u00f2n c\u1ee7a ph\u1ea7n c\u1ee9ng ch\u00ednh x\u00e1c, th\u01b0\u1eddng c\u1ea7n ph\u1ea3i x\u1eed l\u00fd b\u1ec1 m\u1eb7t, ch\u1eb3ng h\u1ea1n nh\u01b0 m\u1ea1 \u0111i\u1ec7n, oxy h\u00f3a, v.v. \u200cNh\u1eefng ph\u01b0\u01a1ng ph\u00e1p x\u1eed l\u00fd n\u00e0y gi\u00fap c\u1ea3i thi\u1ec7n tu\u1ed5i th\u1ecd c\u1ee7a ph\u1ea7n c\u1ee9ng v\u00e0 hi\u1ec7u su\u1ea5t t\u1ed5ng th\u1ec3 c\u1ee7a loa. \u200c<br>5. \u200cS\u1ea3n xu\u1ea5t theo y\u00eau c\u1ea7u\u200c: \u200cDo c\u00f3 nhi\u1ec1u m\u1eabu loa v\u00e0 th\u00f4ng s\u1ed1 k\u1ef9 thu\u1eadt \u0111a d\u1ea1ng, \u200cph\u1ea7n c\u1ee9ng c\u00f3 \u0111\u1ed9 ch\u00ednh x\u00e1c cao th\u01b0\u1eddng y\u00eau c\u1ea7u s\u1ea3n xu\u1ea5t t\u00f9y ch\u1ec9nh theo nhu c\u1ea7u c\u1ee5 th\u1ec3. \u200cCh\u00fang t\u00f4i ti\u1ebfn h\u00e0nh x\u1eed l\u00fd ch\u00ednh x\u00e1c theo b\u1ea3n v\u1ebd v\u00e0 y\u00eau c\u1ea7u do kh\u00e1ch h\u00e0ng cung c\u1ea5p, \u200c\u0111\u1ea3m b\u1ea3o s\u1ef1 k\u1ebft h\u1ee3p ho\u00e0n h\u1ea3o gi\u1eefa ph\u1ea7n c\u1ee9ng v\u00e0 loa<br>6. \u200cKi\u1ec3m so\u00e1t ch\u1ea5t l\u01b0\u1ee3ng nghi\u00eam ng\u1eb7t\u200c: \u200cTrong qu\u00e1 tr\u00ecnh s\u1ea3n xu\u1ea5t, \u200cch\u00fang t\u00f4i th\u1ef1c hi\u1ec7n nghi\u00eam ng\u1eb7t vi\u1ec7c qu\u1ea3n l\u00fd ch\u1ea5t l\u01b0\u1ee3ng v\u00e0 ki\u1ec3m so\u00e1t quy tr\u00ecnh, \u0111\u1ed3ng th\u1eddi ki\u1ec3m so\u00e1t ch\u1eb7t ch\u1ebd m\u1ecdi m\u1eaft x\u00edch. \u200c\u0110i\u1ec1u n\u00e0y bao g\u1ed3m ki\u1ec3m tra nguy\u00ean li\u1ec7u th\u00f4, \u200cgi\u00e1m s\u00e1t qu\u00e1 tr\u00ecnh x\u1eed l\u00fd, \u200cki\u1ec3m tra th\u00e0nh ph\u1ea9m, v.v., \u0111\u1ec3 \u0111\u1ea3m b\u1ea3o t\u00ednh nh\u1ea5t qu\u00e1n v\u00e0 \u1ed5n \u0111\u1ecbnh c\u1ee7a ch\u1ea5t l\u01b0\u1ee3ng ph\u1ea7n c\u1ee9ng ch\u00ednh x\u00e1c.<\/p>\n\n\n\n<figure class=\"wp-block-gallery has-nested-images columns-default is-cropped wp-block-gallery-1 is-layout-flex wp-block-gallery-is-layout-flex\">\n<figure class=\"wp-block-image size-large\"><img loading=\"lazy\" decoding=\"async\" width=\"1024\" height=\"768\" data-id=\"3075\" src=\"https:\/\/epinpoxweb.com\/wp-content\/uploads\/2025\/11\/imgi_19_IMG_2857-1-1024x768-2.png\" alt=\"\" class=\"wp-image-3075\" srcset=\"https:\/\/epinpoxweb.com\/wp-content\/uploads\/2025\/11\/imgi_19_IMG_2857-1-1024x768-2.png 1024w, https:\/\/epinpoxweb.com\/wp-content\/uploads\/2025\/11\/imgi_19_IMG_2857-1-1024x768-2-300x225.png 300w, https:\/\/epinpoxweb.com\/wp-content\/uploads\/2025\/11\/imgi_19_IMG_2857-1-1024x768-2-768x576.png 768w, https:\/\/epinpoxweb.com\/wp-content\/uploads\/2025\/11\/imgi_19_IMG_2857-1-1024x768-2-16x12.png 16w\" sizes=\"(max-width: 1024px) 100vw, 1024px\" \/><\/figure>\n\n\n\n<figure class=\"wp-block-image size-large\"><img loading=\"lazy\" decoding=\"async\" width=\"1024\" height=\"768\" data-id=\"3076\" src=\"https:\/\/epinpoxweb.com\/wp-content\/uploads\/2025\/11\/imgi_20_IMG_2866-1-1024x768-1.png\" alt=\"\" class=\"wp-image-3076\" srcset=\"https:\/\/epinpoxweb.com\/wp-content\/uploads\/2025\/11\/imgi_20_IMG_2866-1-1024x768-1.png 1024w, https:\/\/epinpoxweb.com\/wp-content\/uploads\/2025\/11\/imgi_20_IMG_2866-1-1024x768-1-300x225.png 300w, https:\/\/epinpoxweb.com\/wp-content\/uploads\/2025\/11\/imgi_20_IMG_2866-1-1024x768-1-768x576.png 768w, https:\/\/epinpoxweb.com\/wp-content\/uploads\/2025\/11\/imgi_20_IMG_2866-1-1024x768-1-16x12.png 16w\" sizes=\"(max-width: 1024px) 100vw, 1024px\" \/><\/figure>\n\n\n\n<figure class=\"wp-block-image size-large\"><img loading=\"lazy\" decoding=\"async\" width=\"1024\" height=\"768\" data-id=\"3078\" src=\"https:\/\/epinpoxweb.com\/wp-content\/uploads\/2025\/11\/imgi_21_IMG_2873-1-1024x768-1.png\" alt=\"\" class=\"wp-image-3078\" srcset=\"https:\/\/epinpoxweb.com\/wp-content\/uploads\/2025\/11\/imgi_21_IMG_2873-1-1024x768-1.png 1024w, https:\/\/epinpoxweb.com\/wp-content\/uploads\/2025\/11\/imgi_21_IMG_2873-1-1024x768-1-300x225.png 300w, https:\/\/epinpoxweb.com\/wp-content\/uploads\/2025\/11\/imgi_21_IMG_2873-1-1024x768-1-768x576.png 768w, https:\/\/epinpoxweb.com\/wp-content\/uploads\/2025\/11\/imgi_21_IMG_2873-1-1024x768-1-16x12.png 16w\" sizes=\"(max-width: 1024px) 100vw, 1024px\" \/><\/figure>\n<\/figure>\n\n\n\n<div class=\"wp-block-columns is-layout-flex wp-container-core-columns-is-layout-1 wp-block-columns-is-layout-flex\">\n<div class=\"wp-block-column is-layout-flow wp-block-column-is-layout-flow\">\n<figure class=\"wp-block-image size-full\"><img loading=\"lazy\" decoding=\"async\" width=\"1024\" height=\"768\" src=\"https:\/\/epinpoxweb.com\/wp-content\/uploads\/2025\/11\/imgi_25_IMG_2903-1-1024x768-2.png\" alt=\"\" class=\"wp-image-3080\" srcset=\"https:\/\/epinpoxweb.com\/wp-content\/uploads\/2025\/11\/imgi_25_IMG_2903-1-1024x768-2.png 1024w, https:\/\/epinpoxweb.com\/wp-content\/uploads\/2025\/11\/imgi_25_IMG_2903-1-1024x768-2-300x225.png 300w, https:\/\/epinpoxweb.com\/wp-content\/uploads\/2025\/11\/imgi_25_IMG_2903-1-1024x768-2-768x576.png 768w, https:\/\/epinpoxweb.com\/wp-content\/uploads\/2025\/11\/imgi_25_IMG_2903-1-1024x768-2-16x12.png 16w\" sizes=\"(max-width: 1024px) 100vw, 1024px\" \/><\/figure>\n<\/div>\n\n\n\n<div class=\"wp-block-column is-layout-flow wp-block-column-is-layout-flow\">\n<figure class=\"wp-block-image size-full\"><img loading=\"lazy\" decoding=\"async\" width=\"1024\" height=\"768\" src=\"https:\/\/epinpoxweb.com\/wp-content\/uploads\/2025\/11\/imgi_26_IMG_2914-1-1024x768-2.png\" alt=\"\" class=\"wp-image-3081\" srcset=\"https:\/\/epinpoxweb.com\/wp-content\/uploads\/2025\/11\/imgi_26_IMG_2914-1-1024x768-2.png 1024w, https:\/\/epinpoxweb.com\/wp-content\/uploads\/2025\/11\/imgi_26_IMG_2914-1-1024x768-2-300x225.png 300w, https:\/\/epinpoxweb.com\/wp-content\/uploads\/2025\/11\/imgi_26_IMG_2914-1-1024x768-2-768x576.png 768w, https:\/\/epinpoxweb.com\/wp-content\/uploads\/2025\/11\/imgi_26_IMG_2914-1-1024x768-2-16x12.png 16w\" sizes=\"(max-width: 1024px) 100vw, 1024px\" \/><\/figure>\n<\/div>\n\n\n\n<div class=\"wp-block-column is-layout-flow wp-block-column-is-layout-flow\"><\/div>\n<\/div>","protected":false},"excerpt":{"rendered":"<p>1.\u200c\u9ad8\u7cbe\u5ea6\u52a0\u5de5\u200c\uff1a\u200c\u8fd9\u4e9b\u4e94\u91d1\u4ef6\u5728\u5236\u9020\u8fc7\u7a0b\u4e2d\u91c7\u7528\u9ad8\u7cbe\u5ea6\u52a0\u5de5\u8bbe\u5907\u548c\u5de5\u827a\u6280\u672f\uff0c\u200c\u5982\u6162\u8d70\u4e1d\u3001\u7cbe\u5bc6\u9ad8\u901f\u51b2\u5e8a\u7b49\uff0c\u200c\u4ee5\u786e\u4fdd [&hellip;]<\/p>","protected":false},"author":2,"featured_media":2572,"parent":0,"menu_order":0,"comment_status":"closed","ping_status":"closed","template":"","meta":{"_uag_custom_page_level_css":"","site-sidebar-layout":"default","site-content-layout":"","ast-site-content-layout":"default","site-content-style":"default","site-sidebar-style":"default","ast-global-header-display":"","ast-banner-title-visibility":"","ast-main-header-display":"","ast-hfb-above-header-display":"","ast-hfb-below-header-display":"","ast-hfb-mobile-header-display":"","site-post-title":"","ast-breadcrumbs-content":"","ast-featured-img":"","footer-sml-layout":"","theme-transparent-header-meta":"","adv-header-id-meta":"","stick-header-meta":"","header-above-stick-meta":"","header-main-stick-meta":"","header-below-stick-meta":"","astra-migrate-meta-layouts":"set","ast-page-background-enabled":"default","ast-page-background-meta":{"desktop":{"background-color":"var(--ast-global-color-4)","background-image":"","background-repeat":"repeat","background-position":"center center","background-size":"auto","background-attachment":"scroll","background-type":"","background-media":"","overlay-type":"","overlay-color":"","overlay-opacity":"","overlay-gradient":""},"tablet":{"background-color":"","background-image":"","background-repeat":"repeat","background-position":"center center","background-size":"auto","background-attachment":"scroll","background-type":"","background-media":"","overlay-type":"","overlay-color":"","overlay-opacity":"","overlay-gradient":""},"mobile":{"background-color":"","background-image":"","background-repeat":"repeat","background-position":"center center","background-size":"auto","background-attachment":"scroll","background-type":"","background-media":"","overlay-type":"","overlay-color":"","overlay-opacity":"","overlay-gradient":""}},"ast-content-background-meta":{"desktop":{"background-color":"var(--ast-global-color-5)","background-image":"","background-repeat":"repeat","background-position":"center center","background-size":"auto","background-attachment":"scroll","background-type":"","background-media":"","overlay-type":"","overlay-color":"","overlay-opacity":"","overlay-gradient":""},"tablet":{"background-color":"var(--ast-global-color-5)","background-image":"","background-repeat":"repeat","background-position":"center center","background-size":"auto","background-attachment":"scroll","background-type":"","background-media":"","overlay-type":"","overlay-color":"","overlay-opacity":"","overlay-gradient":""},"mobile":{"background-color":"var(--ast-global-color-5)","background-image":"","background-repeat":"repeat","background-position":"center center","background-size":"auto","background-attachment":"scroll","background-type":"","background-media":"","overlay-type":"","overlay-color":"","overlay-opacity":"","overlay-gradient":""}},"footnotes":""},"class_list":["post-2565","page","type-page","status-publish","has-post-thumbnail","hentry"],"uagb_featured_image_src":{"full":["https:\/\/epinpoxweb.com\/wp-content\/uploads\/2024\/09\/IMG_2605-1.png",5184,3888,false],"thumbnail":["https:\/\/epinpoxweb.com\/wp-content\/uploads\/2024\/09\/IMG_2605-1-150x150.png",150,150,true],"medium":["https:\/\/epinpoxweb.com\/wp-content\/uploads\/2024\/09\/IMG_2605-1-300x225.png",300,225,true],"medium_large":["https:\/\/epinpoxweb.com\/wp-content\/uploads\/2024\/09\/IMG_2605-1-768x576.png",768,576,true],"large":["https:\/\/epinpoxweb.com\/wp-content\/uploads\/2024\/09\/IMG_2605-1-1024x768.png",1024,768,true],"1536x1536":["https:\/\/epinpoxweb.com\/wp-content\/uploads\/2024\/09\/IMG_2605-1-1536x1152.png",1536,1152,true],"2048x2048":["https:\/\/epinpoxweb.com\/wp-content\/uploads\/2024\/09\/IMG_2605-1-2048x1536.png",2048,1536,true],"trp-custom-language-flag":["https:\/\/epinpoxweb.com\/wp-content\/uploads\/2024\/09\/IMG_2605-1.png",16,12,false]},"uagb_author_info":{"display_name":"Chris","author_link":"https:\/\/epinpoxweb.com\/vi\/author\/chris\/"},"uagb_comment_info":0,"uagb_excerpt":"1.\u200c\u9ad8\u7cbe\u5ea6\u52a0\u5de5\u200c\uff1a\u200c\u8fd9\u4e9b\u4e94\u91d1\u4ef6\u5728\u5236\u9020\u8fc7\u7a0b\u4e2d\u91c7\u7528\u9ad8\u7cbe\u5ea6\u52a0\u5de5\u8bbe\u5907\u548c\u5de5\u827a\u6280\u672f\uff0c\u200c\u5982\u6162\u8d70\u4e1d\u3001\u7cbe\u5bc6\u9ad8\u901f\u51b2\u5e8a\u7b49\uff0c\u200c\u4ee5\u786e\u4fdd&hellip;","_links":{"self":[{"href":"https:\/\/epinpoxweb.com\/vi\/wp-json\/wp\/v2\/pages\/2565"}],"collection":[{"href":"https:\/\/epinpoxweb.com\/vi\/wp-json\/wp\/v2\/pages"}],"about":[{"href":"https:\/\/epinpoxweb.com\/vi\/wp-json\/wp\/v2\/types\/page"}],"author":[{"embeddable":true,"href":"https:\/\/epinpoxweb.com\/vi\/wp-json\/wp\/v2\/users\/2"}],"replies":[{"embeddable":true,"href":"https:\/\/epinpoxweb.com\/vi\/wp-json\/wp\/v2\/comments?post=2565"}],"version-history":[{"count":12,"href":"https:\/\/epinpoxweb.com\/vi\/wp-json\/wp\/v2\/pages\/2565\/revisions"}],"predecessor-version":[{"id":3082,"href":"https:\/\/epinpoxweb.com\/vi\/wp-json\/wp\/v2\/pages\/2565\/revisions\/3082"}],"wp:featuredmedia":[{"embeddable":true,"href":"https:\/\/epinpoxweb.com\/vi\/wp-json\/wp\/v2\/media\/2572"}],"wp:attachment":[{"href":"https:\/\/epinpoxweb.com\/vi\/wp-json\/wp\/v2\/media?parent=2565"}],"curies":[{"name":"wp","href":"https:\/\/api.w.org\/{rel}","templated":true}]}}