{"id":2590,"date":"2024-09-14T03:18:54","date_gmt":"2024-09-14T03:18:54","guid":{"rendered":"https:\/\/epinpoxweb.com\/?page_id=2590"},"modified":"2024-10-08T02:52:09","modified_gmt":"2024-10-08T02:52:09","slug":"assembly","status":"publish","type":"page","link":"https:\/\/epinpoxweb.com\/vi\/assembly\/","title":{"rendered":"B\u1ea3ng \u0111\u1ea7u cu\u1ed1i"},"content":{"rendered":"<div class=\"wp-block-columns is-layout-flex wp-container-core-columns-is-layout-1 wp-block-columns-is-layout-flex\">\n<div class=\"wp-block-column is-layout-flow wp-block-column-is-layout-flow\">\n<div class=\"wp-block-uagb-image uagb-block-63508da8 wp-block-uagb-image--layout-default wp-block-uagb-image--effect-static wp-block-uagb-image--align-none\"><figure class=\"wp-block-uagb-image__figure\"><img decoding=\"async\" srcset=\"https:\/\/epinpoxweb.com\/wp-content\/uploads\/2024\/09\/IMG_4470-1024x768.png ,https:\/\/epinpoxweb.com\/wp-content\/uploads\/2024\/09\/IMG_4470.png 780w, https:\/\/epinpoxweb.com\/wp-content\/uploads\/2024\/09\/IMG_4470.png 360w\" sizes=\"(max-width: 480px) 150px\" src=\"https:\/\/epinpoxweb.com\/wp-content\/uploads\/2024\/09\/IMG_4470-1024x768.png\" alt=\"\" class=\"uag-image-2699\" width=\"5184\" height=\"3888\" title=\"IMG_4470\" loading=\"lazy\" role=\"img\"\/><\/figure><\/div>\n<\/div>\n\n\n\n<div class=\"wp-block-column is-layout-flow wp-block-column-is-layout-flow\">\n<p>[B\u1ea3ng thi\u1ebft b\u1ecb \u0111\u1ea7u cu\u1ed1i]<br>Thi\u1ebft b\u1ecb \u0111\u1ea7u cu\u1ed1i b\u1eb1ng b\u00eca c\u1ee9ng b\u1eb1ng th\u00e9p cho loa l\u00e0 m\u1ed9t ph\u1ee5 ki\u1ec7n \u0111i\u1ec7n \u00e2m quan tr\u1ecdng, ch\u1ee7 y\u1ebfu \u0111\u01b0\u1ee3c s\u1eed d\u1ee5ng \u0111\u1ec3 n\u1ed1i d\u00e2y v\u00e0 c\u1ed1 \u0111\u1ecbnh loa. \u200c<br>\u200cV\u1eadt li\u1ec7u v\u00e0 th\u00f4ng s\u1ed1 k\u1ef9 thu\u1eadt\u200c: \u200cTh\u00e9p m\u00e0u tr\u1eafng (\u0111\u1ecf, \u0111en, x\u00e1m, v.v.) nh\u1eadp kh\u1ea9u, \u200cMi\u1ebfng h\u00e0n \u0111\u01b0\u1ee3c l\u00e0m b\u1eb1ng v\u1eadt li\u1ec7u Cu, v\u1eadt li\u1ec7u spcc, v.v. \u200cTh\u00f4ng s\u1ed1 k\u1ef9 thu\u1eadt \u0111a d\u1ea1ng, \u200cTh\u00f4ng s\u1ed1 k\u1ef9 thu\u1eadt chung nh\u01b0: 23<em>8 mm, 25<\/em>8 c\u1ea5p, l\u1ed7 trung b\u00ecnh l\u00e0 3.0mm v\u00e0 3.5mm v.v. C\u00f3 th\u1ec3 \u0111\u01b0\u1ee3c ph\u00e1t tri\u1ec3n v\u00e0 t\u00f9y ch\u1ec9nh theo nhu c\u1ea7u c\u1ee7a kh\u00e1ch h\u00e0ng. \u200c<br>\u200cHi\u1ec7u su\u1ea5t v\u00e0 \u0111\u1eb7c \u0111i\u1ec3m\u200c: \u200cThi\u1ebft b\u1ecb \u0111\u1ea7u cu\u1ed1i b\u1eb1ng b\u00eca c\u1ee9ng c\u00f3 kh\u1ea3 n\u0103ng c\u00e1ch \u0111i\u1ec7n tuy\u1ec7t v\u1eddi, \u200c\u0111\u1eb7c t\u00ednh d\u1ec5 ch\u00e1y v\u00e0 d\u1eadp h\u1ed3 quang c\u0169ng nh\u01b0 kh\u1ea3 n\u0103ng ch\u1ed1ng \u1ea9m nh\u1ea5t \u0111\u1ecbnh, v.v. B\u1ec1 m\u1eb7t c\u1ee7a n\u00f3 ph\u1eb3ng v\u00e0 m\u1ecbn, \u0111\u1ed9 d\u00e0y \u0111\u1ed3ng \u0111\u1ec1u, \u0111\u1ed9 c\u1ee9ng cao, \u0111\u1ed9 d\u1ebbo dai t\u1ed1t v\u00e0 hi\u1ec7u su\u1ea5t tuy\u1ec7t v\u1eddi. \u200c<br>\u200c\u1ee8ng d\u1ee5ng v\u00e0 Cung c\u1ea5p\u200c:\u200cC\u00e1c thi\u1ebft b\u1ecb \u0111\u1ea7u cu\u1ed1i b\u1eb1ng b\u00eca c\u1ee9ng \u0111\u01b0\u1ee3c s\u1eed d\u1ee5ng r\u1ed9ng r\u00e3i trong vi\u1ec7c n\u1ed1i v\u00e0 s\u1eeda ch\u1eefa loa v\u00e0 l\u00e0 m\u1ed9t b\u1ed9 ph\u1eadn quan tr\u1ecdng c\u1ee7a loa. Ch\u00fang t\u00f4i c\u00f3 th\u1ec3 cung c\u1ea5p s\u1ed1 l\u01b0\u1ee3ng l\u1edbn, ch\u1ea5t l\u01b0\u1ee3ng cao theo nhu c\u1ea7u c\u1ee7a kh\u00e1ch h\u00e0ng. \u200c<\/p>\n<\/div>\n<\/div>\n\n\n\t\t\t\t\t<div\n\t\t\t\t\t\tclass=\"wp-block-uagb-image-gallery uagb-block-75c72850\"\n\t\t\t\t\t\tstyle=\"\"\n\t\t\t\t\t>\n\t\t\t\t\t\t\t\t\t\t\t<div class=\"spectra-image-gallery spectra-image-gallery__layout--grid spectra-image-gallery__layout--grid-col-4 spectra-image-gallery__layout--grid-col-tab-3 spectra-image-gallery__layout--grid-col-mob-2\">\n\t\t\t\t\t\t\t\t\t\t\t<div class='spectra-image-gallery__media-wrapper' data-spectra-gallery-image-id='2700' tabindex=\"0\">\n\t\t\t\t\t\t\t<div class=\"spectra-image-gallery__media spectra-image-gallery__media--grid\">\n\t\t\t\t<picture>\n\t\t\t\t\t<source media=\"(min-width: 1024px)\" srcset=\"https:\/\/epinpoxweb.com\/wp-content\/uploads\/2024\/09\/IMG_4358-\u526f\u672c-1024x768.png\">\n\t\t\t\t\t<source media=\"(min-width: 768px)\" srcset=\"https:\/\/epinpoxweb.com\/wp-content\/uploads\/2024\/09\/IMG_4358-\u526f\u672c-1024x768.png\">\n\t\t\t\t\t<img decoding=\"async\" class=\"spectra-image-gallery__media-thumbnail spectra-image-gallery__media-thumbnail--grid\" src=\"https:\/\/epinpoxweb.com\/wp-content\/uploads\/2024\/09\/IMG_4358-\u526f\u672c-300x225.png\" alt=\"\" loading=\"lazy\" \/>\n\t\t\t\t<\/picture>\n\t\t\t\t<div class=\"spectra-image-gallery__media-thumbnail-blurrer\"><\/div>\n\t\t\t\t\t\t\t\t\t\t\t<div class=\"spectra-image-gallery__media-thumbnail-caption-wrapper spectra-image-gallery__media-thumbnail-caption-wrapper--overlay\">\n\t\t\t\t\t\t\t\t\t\t\t<div class=\"spectra-image-gallery__media-thumbnail-caption spectra-image-gallery__media-thumbnail-caption--overlay\">\n\t\t\t\t\tNo Caption\t\t\t\t<\/div>\n\t\t\t\t\t\t\t\t\t\t<\/div>\n\t\t\t\t\t\t\t\t\t<\/div>\n\t\t\t\t\t\t<\/div>\n\t\t\t\t\t\t<div class='spectra-image-gallery__media-wrapper' data-spectra-gallery-image-id='2701' tabindex=\"0\">\n\t\t\t\t\t\t\t<div class=\"spectra-image-gallery__media spectra-image-gallery__media--grid\">\n\t\t\t\t<picture>\n\t\t\t\t\t<source media=\"(min-width: 1024px)\" srcset=\"https:\/\/epinpoxweb.com\/wp-content\/uploads\/2024\/09\/IMG_4389-\u526f\u672c-1024x768.png\">\n\t\t\t\t\t<source media=\"(min-width: 768px)\" srcset=\"https:\/\/epinpoxweb.com\/wp-content\/uploads\/2024\/09\/IMG_4389-\u526f\u672c-1024x768.png\">\n\t\t\t\t\t<img decoding=\"async\" class=\"spectra-image-gallery__media-thumbnail spectra-image-gallery__media-thumbnail--grid\" src=\"https:\/\/epinpoxweb.com\/wp-content\/uploads\/2024\/09\/IMG_4389-\u526f\u672c-300x225.png\" alt=\"\" loading=\"lazy\" \/>\n\t\t\t\t<\/picture>\n\t\t\t\t<div class=\"spectra-image-gallery__media-thumbnail-blurrer\"><\/div>\n\t\t\t\t\t\t\t\t\t\t\t<div class=\"spectra-image-gallery__media-thumbnail-caption-wrapper spectra-image-gallery__media-thumbnail-caption-wrapper--overlay\">\n\t\t\t\t\t\t\t\t\t\t\t<div class=\"spectra-image-gallery__media-thumbnail-caption spectra-image-gallery__media-thumbnail-caption--overlay\">\n\t\t\t\t\tNo Caption\t\t\t\t<\/div>\n\t\t\t\t\t\t\t\t\t\t<\/div>\n\t\t\t\t\t\t\t\t\t<\/div>\n\t\t\t\t\t\t<\/div>\n\t\t\t\t\t\t<div class='spectra-image-gallery__media-wrapper' data-spectra-gallery-image-id='2702' tabindex=\"0\">\n\t\t\t\t\t\t\t<div class=\"spectra-image-gallery__media spectra-image-gallery__media--grid\">\n\t\t\t\t<picture>\n\t\t\t\t\t<source media=\"(min-width: 1024px)\" srcset=\"https:\/\/epinpoxweb.com\/wp-content\/uploads\/2024\/09\/IMG_4427-\u526f\u672c-1024x768.png\">\n\t\t\t\t\t<source media=\"(min-width: 768px)\" srcset=\"https:\/\/epinpoxweb.com\/wp-content\/uploads\/2024\/09\/IMG_4427-\u526f\u672c-1024x768.png\">\n\t\t\t\t\t<img decoding=\"async\" class=\"spectra-image-gallery__media-thumbnail spectra-image-gallery__media-thumbnail--grid\" src=\"https:\/\/epinpoxweb.com\/wp-content\/uploads\/2024\/09\/IMG_4427-\u526f\u672c-300x225.png\" alt=\"\" loading=\"lazy\" \/>\n\t\t\t\t<\/picture>\n\t\t\t\t<div class=\"spectra-image-gallery__media-thumbnail-blurrer\"><\/div>\n\t\t\t\t\t\t\t\t\t\t\t<div class=\"spectra-image-gallery__media-thumbnail-caption-wrapper spectra-image-gallery__media-thumbnail-caption-wrapper--overlay\">\n\t\t\t\t\t\t\t\t\t\t\t<div class=\"spectra-image-gallery__media-thumbnail-caption spectra-image-gallery__media-thumbnail-caption--overlay\">\n\t\t\t\t\tNo Caption\t\t\t\t<\/div>\n\t\t\t\t\t\t\t\t\t\t<\/div>\n\t\t\t\t\t\t\t\t\t<\/div>\n\t\t\t\t\t\t<\/div>\n\t\t\t\t\t\t<div class='spectra-image-gallery__media-wrapper' data-spectra-gallery-image-id='2703' tabindex=\"0\">\n\t\t\t\t\t\t\t<div class=\"spectra-image-gallery__media spectra-image-gallery__media--grid\">\n\t\t\t\t<picture>\n\t\t\t\t\t<source media=\"(min-width: 1024px)\" srcset=\"https:\/\/epinpoxweb.com\/wp-content\/uploads\/2024\/09\/IMG_4436-\u526f\u672c-1024x768.png\">\n\t\t\t\t\t<source media=\"(min-width: 768px)\" srcset=\"https:\/\/epinpoxweb.com\/wp-content\/uploads\/2024\/09\/IMG_4436-\u526f\u672c-1024x768.png\">\n\t\t\t\t\t<img decoding=\"async\" class=\"spectra-image-gallery__media-thumbnail spectra-image-gallery__media-thumbnail--grid\" src=\"https:\/\/epinpoxweb.com\/wp-content\/uploads\/2024\/09\/IMG_4436-\u526f\u672c-300x225.png\" alt=\"\" loading=\"lazy\" \/>\n\t\t\t\t<\/picture>\n\t\t\t\t<div class=\"spectra-image-gallery__media-thumbnail-blurrer\"><\/div>\n\t\t\t\t\t\t\t\t\t\t\t<div class=\"spectra-image-gallery__media-thumbnail-caption-wrapper spectra-image-gallery__media-thumbnail-caption-wrapper--overlay\">\n\t\t\t\t\t\t\t\t\t\t\t<div class=\"spectra-image-gallery__media-thumbnail-caption spectra-image-gallery__media-thumbnail-caption--overlay\">\n\t\t\t\t\tNo Caption\t\t\t\t<\/div>\n\t\t\t\t\t\t\t\t\t\t<\/div>\n\t\t\t\t\t\t\t\t\t<\/div>\n\t\t\t\t\t\t<\/div>\n\t\t\t\t\t\t<div class='spectra-image-gallery__media-wrapper' data-spectra-gallery-image-id='2704' tabindex=\"0\">\n\t\t\t\t\t\t\t<div class=\"spectra-image-gallery__media spectra-image-gallery__media--grid\">\n\t\t\t\t<picture>\n\t\t\t\t\t<source media=\"(min-width: 1024px)\" srcset=\"https:\/\/epinpoxweb.com\/wp-content\/uploads\/2024\/09\/IMG_4484-\u526f\u672c-1024x768.png\">\n\t\t\t\t\t<source media=\"(min-width: 768px)\" srcset=\"https:\/\/epinpoxweb.com\/wp-content\/uploads\/2024\/09\/IMG_4484-\u526f\u672c-1024x768.png\">\n\t\t\t\t\t<img decoding=\"async\" class=\"spectra-image-gallery__media-thumbnail spectra-image-gallery__media-thumbnail--grid\" src=\"https:\/\/epinpoxweb.com\/wp-content\/uploads\/2024\/09\/IMG_4484-\u526f\u672c-300x225.png\" alt=\"\" loading=\"lazy\" \/>\n\t\t\t\t<\/picture>\n\t\t\t\t<div class=\"spectra-image-gallery__media-thumbnail-blurrer\"><\/div>\n\t\t\t\t\t\t\t\t\t\t\t<div class=\"spectra-image-gallery__media-thumbnail-caption-wrapper spectra-image-gallery__media-thumbnail-caption-wrapper--overlay\">\n\t\t\t\t\t\t\t\t\t\t\t<div class=\"spectra-image-gallery__media-thumbnail-caption spectra-image-gallery__media-thumbnail-caption--overlay\">\n\t\t\t\t\tNo Caption\t\t\t\t<\/div>\n\t\t\t\t\t\t\t\t\t\t<\/div>\n\t\t\t\t\t\t\t\t\t<\/div>\n\t\t\t\t\t\t<\/div>\n\t\t\t\t\t\t<div class='spectra-image-gallery__media-wrapper' data-spectra-gallery-image-id='2705' tabindex=\"0\">\n\t\t\t\t\t\t\t<div class=\"spectra-image-gallery__media spectra-image-gallery__media--grid\">\n\t\t\t\t<picture>\n\t\t\t\t\t<source media=\"(min-width: 1024px)\" srcset=\"https:\/\/epinpoxweb.com\/wp-content\/uploads\/2024\/09\/IMG_4516-\u526f\u672c-1024x768.png\">\n\t\t\t\t\t<source media=\"(min-width: 768px)\" srcset=\"https:\/\/epinpoxweb.com\/wp-content\/uploads\/2024\/09\/IMG_4516-\u526f\u672c-1024x768.png\">\n\t\t\t\t\t<img decoding=\"async\" class=\"spectra-image-gallery__media-thumbnail spectra-image-gallery__media-thumbnail--grid\" src=\"https:\/\/epinpoxweb.com\/wp-content\/uploads\/2024\/09\/IMG_4516-\u526f\u672c-300x225.png\" alt=\"\" loading=\"lazy\" \/>\n\t\t\t\t<\/picture>\n\t\t\t\t<div class=\"spectra-image-gallery__media-thumbnail-blurrer\"><\/div>\n\t\t\t\t\t\t\t\t\t\t\t<div class=\"spectra-image-gallery__media-thumbnail-caption-wrapper spectra-image-gallery__media-thumbnail-caption-wrapper--overlay\">\n\t\t\t\t\t\t\t\t\t\t\t<div class=\"spectra-image-gallery__media-thumbnail-caption spectra-image-gallery__media-thumbnail-caption--overlay\">\n\t\t\t\t\tNo Caption\t\t\t\t<\/div>\n\t\t\t\t\t\t\t\t\t\t<\/div>\n\t\t\t\t\t\t\t\t\t<\/div>\n\t\t\t\t\t\t<\/div>\n\t\t\t\t\t\t<div class='spectra-image-gallery__media-wrapper' data-spectra-gallery-image-id='2706' tabindex=\"0\">\n\t\t\t\t\t\t\t<div class=\"spectra-image-gallery__media spectra-image-gallery__media--grid\">\n\t\t\t\t<picture>\n\t\t\t\t\t<source media=\"(min-width: 1024px)\" srcset=\"https:\/\/epinpoxweb.com\/wp-content\/uploads\/2024\/09\/IMG_4519-1024x768.png\">\n\t\t\t\t\t<source media=\"(min-width: 768px)\" srcset=\"https:\/\/epinpoxweb.com\/wp-content\/uploads\/2024\/09\/IMG_4519-1024x768.png\">\n\t\t\t\t\t<img decoding=\"async\" class=\"spectra-image-gallery__media-thumbnail spectra-image-gallery__media-thumbnail--grid\" src=\"https:\/\/epinpoxweb.com\/wp-content\/uploads\/2024\/09\/IMG_4519-300x225.png\" alt=\"\" loading=\"lazy\" \/>\n\t\t\t\t<\/picture>\n\t\t\t\t<div class=\"spectra-image-gallery__media-thumbnail-blurrer\"><\/div>\n\t\t\t\t\t\t\t\t\t\t\t<div class=\"spectra-image-gallery__media-thumbnail-caption-wrapper spectra-image-gallery__media-thumbnail-caption-wrapper--overlay\">\n\t\t\t\t\t\t\t\t\t\t\t<div class=\"spectra-image-gallery__media-thumbnail-caption spectra-image-gallery__media-thumbnail-caption--overlay\">\n\t\t\t\t\tNo Caption\t\t\t\t<\/div>\n\t\t\t\t\t\t\t\t\t\t<\/div>\n\t\t\t\t\t\t\t\t\t<\/div>\n\t\t\t\t\t\t<\/div>\n\t\t\t\t\t\t<div class='spectra-image-gallery__media-wrapper' data-spectra-gallery-image-id='2707' tabindex=\"0\">\n\t\t\t\t\t\t\t<div class=\"spectra-image-gallery__media spectra-image-gallery__media--grid\">\n\t\t\t\t<picture>\n\t\t\t\t\t<source media=\"(min-width: 1024px)\" srcset=\"https:\/\/epinpoxweb.com\/wp-content\/uploads\/2024\/09\/IMG_4559-\u526f\u672c-1024x768.png\">\n\t\t\t\t\t<source media=\"(min-width: 768px)\" srcset=\"https:\/\/epinpoxweb.com\/wp-content\/uploads\/2024\/09\/IMG_4559-\u526f\u672c-1024x768.png\">\n\t\t\t\t\t<img decoding=\"async\" class=\"spectra-image-gallery__media-thumbnail spectra-image-gallery__media-thumbnail--grid\" src=\"https:\/\/epinpoxweb.com\/wp-content\/uploads\/2024\/09\/IMG_4559-\u526f\u672c-300x225.png\" alt=\"\" loading=\"lazy\" \/>\n\t\t\t\t<\/picture>\n\t\t\t\t<div class=\"spectra-image-gallery__media-thumbnail-blurrer\"><\/div>\n\t\t\t\t\t\t\t\t\t\t\t<div class=\"spectra-image-gallery__media-thumbnail-caption-wrapper spectra-image-gallery__media-thumbnail-caption-wrapper--overlay\">\n\t\t\t\t\t\t\t\t\t\t\t<div class=\"spectra-image-gallery__media-thumbnail-caption spectra-image-gallery__media-thumbnail-caption--overlay\">\n\t\t\t\t\tNo Caption\t\t\t\t<\/div>\n\t\t\t\t\t\t\t\t\t\t<\/div>\n\t\t\t\t\t\t\t\t\t<\/div>\n\t\t\t\t\t\t<\/div>\n\t\t\t\t\t\t<div class='spectra-image-gallery__media-wrapper' data-spectra-gallery-image-id='2708' tabindex=\"0\">\n\t\t\t\t\t\t\t<div class=\"spectra-image-gallery__media spectra-image-gallery__media--grid\">\n\t\t\t\t<picture>\n\t\t\t\t\t<source media=\"(min-width: 1024px)\" srcset=\"https:\/\/epinpoxweb.com\/wp-content\/uploads\/2024\/09\/IMG_4600-1024x768.png\">\n\t\t\t\t\t<source media=\"(min-width: 768px)\" srcset=\"https:\/\/epinpoxweb.com\/wp-content\/uploads\/2024\/09\/IMG_4600-1024x768.png\">\n\t\t\t\t\t<img decoding=\"async\" class=\"spectra-image-gallery__media-thumbnail spectra-image-gallery__media-thumbnail--grid\" src=\"https:\/\/epinpoxweb.com\/wp-content\/uploads\/2024\/09\/IMG_4600-300x225.png\" alt=\"\" loading=\"lazy\" \/>\n\t\t\t\t<\/picture>\n\t\t\t\t<div class=\"spectra-image-gallery__media-thumbnail-blurrer\"><\/div>\n\t\t\t\t\t\t\t\t\t\t\t<div class=\"spectra-image-gallery__media-thumbnail-caption-wrapper spectra-image-gallery__media-thumbnail-caption-wrapper--overlay\">\n\t\t\t\t\t\t\t\t\t\t\t<div class=\"spectra-image-gallery__media-thumbnail-caption spectra-image-gallery__media-thumbnail-caption--overlay\">\n\t\t\t\t\tNo Caption\t\t\t\t<\/div>\n\t\t\t\t\t\t\t\t\t\t<\/div>\n\t\t\t\t\t\t\t\t\t<\/div>\n\t\t\t\t\t\t<\/div>\n\t\t\t\t\t\t<div class='spectra-image-gallery__media-wrapper' data-spectra-gallery-image-id='2709' tabindex=\"0\">\n\t\t\t\t\t\t\t<div class=\"spectra-image-gallery__media spectra-image-gallery__media--grid\">\n\t\t\t\t<picture>\n\t\t\t\t\t<source media=\"(min-width: 1024px)\" srcset=\"https:\/\/epinpoxweb.com\/wp-content\/uploads\/2024\/09\/IMG_4682-1024x768.png\">\n\t\t\t\t\t<source media=\"(min-width: 768px)\" srcset=\"https:\/\/epinpoxweb.com\/wp-content\/uploads\/2024\/09\/IMG_4682-1024x768.png\">\n\t\t\t\t\t<img decoding=\"async\" class=\"spectra-image-gallery__media-thumbnail spectra-image-gallery__media-thumbnail--grid\" src=\"https:\/\/epinpoxweb.com\/wp-content\/uploads\/2024\/09\/IMG_4682-300x225.png\" alt=\"\" loading=\"lazy\" \/>\n\t\t\t\t<\/picture>\n\t\t\t\t<div class=\"spectra-image-gallery__media-thumbnail-blurrer\"><\/div>\n\t\t\t\t\t\t\t\t\t\t\t<div class=\"spectra-image-gallery__media-thumbnail-caption-wrapper spectra-image-gallery__media-thumbnail-caption-wrapper--overlay\">\n\t\t\t\t\t\t\t\t\t\t\t<div class=\"spectra-image-gallery__media-thumbnail-caption spectra-image-gallery__media-thumbnail-caption--overlay\">\n\t\t\t\t\tNo Caption\t\t\t\t<\/div>\n\t\t\t\t\t\t\t\t\t\t<\/div>\n\t\t\t\t\t\t\t\t\t<\/div>\n\t\t\t\t\t\t<\/div>\n\t\t\t\t\t\t<div class='spectra-image-gallery__media-wrapper' data-spectra-gallery-image-id='2710' tabindex=\"0\">\n\t\t\t\t\t\t\t<div class=\"spectra-image-gallery__media spectra-image-gallery__media--grid\">\n\t\t\t\t<picture>\n\t\t\t\t\t<source media=\"(min-width: 1024px)\" srcset=\"https:\/\/epinpoxweb.com\/wp-content\/uploads\/2024\/09\/IMG_4683-1024x768.png\">\n\t\t\t\t\t<source media=\"(min-width: 768px)\" srcset=\"https:\/\/epinpoxweb.com\/wp-content\/uploads\/2024\/09\/IMG_4683-1024x768.png\">\n\t\t\t\t\t<img decoding=\"async\" class=\"spectra-image-gallery__media-thumbnail spectra-image-gallery__media-thumbnail--grid\" src=\"https:\/\/epinpoxweb.com\/wp-content\/uploads\/2024\/09\/IMG_4683-300x225.png\" alt=\"\" loading=\"lazy\" \/>\n\t\t\t\t<\/picture>\n\t\t\t\t<div class=\"spectra-image-gallery__media-thumbnail-blurrer\"><\/div>\n\t\t\t\t\t\t\t\t\t\t\t<div class=\"spectra-image-gallery__media-thumbnail-caption-wrapper spectra-image-gallery__media-thumbnail-caption-wrapper--overlay\">\n\t\t\t\t\t\t\t\t\t\t\t<div class=\"spectra-image-gallery__media-thumbnail-caption spectra-image-gallery__media-thumbnail-caption--overlay\">\n\t\t\t\t\tNo Caption\t\t\t\t<\/div>\n\t\t\t\t\t\t\t\t\t\t<\/div>\n\t\t\t\t\t\t\t\t\t<\/div>\n\t\t\t\t\t\t<\/div>\n\t\t\t\t\t\t\t\t\t\t<\/div>\n\t\t\t\t\t\t\t\t\t\t\t\t\t\t\t\t\t\t<\/div>","protected":false},"excerpt":{"rendered":"<p>\u3010\u63a5\u7ebf\u7aef\u5b50\u677f\u3011\u626c\u58f0\u5668\u7528\u94a2\u7eb8\u677f\u7aef\u5b50\u662f\u4e00\u79cd\u91cd\u8981\u7684\u7535\u58f0\u914d\u4ef6\uff0c\u200c\u4e3b\u8981\u7528\u4e8e\u626c\u58f0\u5668\u7684\u63a5\u7ebf\u548c\u56fa\u5b9a\u200c\u3002\u200c\u200c\u6750\u8d28\u4e0e\u89c4\u683c\u200c\uff1a\u200c\u8fdb\u53e3 [&hellip;]<\/p>","protected":false},"author":2,"featured_media":0,"parent":0,"menu_order":0,"comment_status":"closed","ping_status":"closed","template":"","meta":{"_uag_custom_page_level_css":"","site-sidebar-layout":"default","site-content-layout":"","ast-site-content-layout":"default","site-content-style":"default","site-sidebar-style":"default","ast-global-header-display":"","ast-banner-title-visibility":"","ast-main-header-display":"","ast-hfb-above-header-display":"","ast-hfb-below-header-display":"","ast-hfb-mobile-header-display":"","site-post-title":"","ast-breadcrumbs-content":"","ast-featured-img":"","footer-sml-layout":"","theme-transparent-header-meta":"","adv-header-id-meta":"","stick-header-meta":"","header-above-stick-meta":"","header-main-stick-meta":"","header-below-stick-meta":"","astra-migrate-meta-layouts":"set","ast-page-background-enabled":"default","ast-page-background-meta":{"desktop":{"background-color":"var(--ast-global-color-4)","background-image":"","background-repeat":"repeat","background-position":"center center","background-size":"auto","background-attachment":"scroll","background-type":"","background-media":"","overlay-type":"","overlay-color":"","overlay-opacity":"","overlay-gradient":""},"tablet":{"background-color":"","background-image":"","background-repeat":"repeat","background-position":"center center","background-size":"auto","background-attachment":"scroll","background-type":"","background-media":"","overlay-type":"","overlay-color":"","overlay-opacity":"","overlay-gradient":""},"mobile":{"background-color":"","background-image":"","background-repeat":"repeat","background-position":"center center","background-size":"auto","background-attachment":"scroll","background-type":"","background-media":"","overlay-type":"","overlay-color":"","overlay-opacity":"","overlay-gradient":""}},"ast-content-background-meta":{"desktop":{"background-color":"var(--ast-global-color-5)","background-image":"","background-repeat":"repeat","background-position":"center center","background-size":"auto","background-attachment":"scroll","background-type":"","background-media":"","overlay-type":"","overlay-color":"","overlay-opacity":"","overlay-gradient":""},"tablet":{"background-color":"var(--ast-global-color-5)","background-image":"","background-repeat":"repeat","background-position":"center center","background-size":"auto","background-attachment":"scroll","background-type":"","background-media":"","overlay-type":"","overlay-color":"","overlay-opacity":"","overlay-gradient":""},"mobile":{"background-color":"var(--ast-global-color-5)","background-image":"","background-repeat":"repeat","background-position":"center center","background-size":"auto","background-attachment":"scroll","background-type":"","background-media":"","overlay-type":"","overlay-color":"","overlay-opacity":"","overlay-gradient":""}},"footnotes":""},"class_list":["post-2590","page","type-page","status-publish","hentry"],"uagb_featured_image_src":{"full":false,"thumbnail":false,"medium":false,"medium_large":false,"large":false,"1536x1536":false,"2048x2048":false,"trp-custom-language-flag":false},"uagb_author_info":{"display_name":"Chris","author_link":"https:\/\/epinpoxweb.com\/vi\/author\/chris\/"},"uagb_comment_info":0,"uagb_excerpt":"\u3010\u63a5\u7ebf\u7aef\u5b50\u677f\u3011\u626c\u58f0\u5668\u7528\u94a2\u7eb8\u677f\u7aef\u5b50\u662f\u4e00\u79cd\u91cd\u8981\u7684\u7535\u58f0\u914d\u4ef6\uff0c\u200c\u4e3b\u8981\u7528\u4e8e\u626c\u58f0\u5668\u7684\u63a5\u7ebf\u548c\u56fa\u5b9a\u200c\u3002\u200c\u200c\u6750\u8d28\u4e0e\u89c4\u683c\u200c\uff1a\u200c\u8fdb\u53e3&hellip;","_links":{"self":[{"href":"https:\/\/epinpoxweb.com\/vi\/wp-json\/wp\/v2\/pages\/2590"}],"collection":[{"href":"https:\/\/epinpoxweb.com\/vi\/wp-json\/wp\/v2\/pages"}],"about":[{"href":"https:\/\/epinpoxweb.com\/vi\/wp-json\/wp\/v2\/types\/page"}],"author":[{"embeddable":true,"href":"https:\/\/epinpoxweb.com\/vi\/wp-json\/wp\/v2\/users\/2"}],"replies":[{"embeddable":true,"href":"https:\/\/epinpoxweb.com\/vi\/wp-json\/wp\/v2\/comments?post=2590"}],"version-history":[{"count":7,"href":"https:\/\/epinpoxweb.com\/vi\/wp-json\/wp\/v2\/pages\/2590\/revisions"}],"predecessor-version":[{"id":2856,"href":"https:\/\/epinpoxweb.com\/vi\/wp-json\/wp\/v2\/pages\/2590\/revisions\/2856"}],"wp:attachment":[{"href":"https:\/\/epinpoxweb.com\/vi\/wp-json\/wp\/v2\/media?parent=2590"}],"curies":[{"name":"wp","href":"https:\/\/api.w.org\/{rel}","templated":true}]}}