{"id":2616,"date":"2024-09-19T01:50:22","date_gmt":"2024-09-19T01:50:22","guid":{"rendered":"https:\/\/epinpoxweb.com\/?page_id=2616"},"modified":"2024-10-10T03:07:20","modified_gmt":"2024-10-10T03:07:20","slug":"dampe","status":"publish","type":"page","link":"https:\/\/epinpoxweb.com\/vi\/dampe\/","title":{"rendered":"B\u1ed9 gi\u1ea3m ch\u1ea5n"},"content":{"rendered":"<p>B\u1ed9 gi\u1ea3m ch\u1ea5n<br>Danbo, \u200ct\u00ean khoa h\u1ecdc l\u00e0 t\u00e2m c\u00e0nh, \u200ct\u00ean ti\u1ebfng anh l\u00e0 van \u0111i\u1ec1u ti\u1ebft. M\u1ed9t th\u00e0nh ph\u1ea7n quan tr\u1ecdng c\u1ee7a h\u1ec7 th\u1ed1ng loa. \u200c<br>Ch\u1ee9c n\u0103ng<br>\u200cS\u00f3ng \u0111\u00e0n h\u1ed3i l\u00e0 th\u00e0nh ph\u1ea7n quan tr\u1ecdng trong h\u1ec7 th\u1ed1ng loa, \u200cc\u00f3 ch\u1ee9c n\u0103ng h\u00e3m v\u00e0 gi\u1eef trung t\u00e2m. \u200c<br>*Duy tr\u00ec chuy\u1ec3n \u0111\u1ed9ng c\u00f3 tr\u1eadt t\u1ef1 c\u1ee7a cu\u1ed9n d\u00e2y gi\u1ecdng n\u00f3i trong khe h\u1edf t\u1eeb t\u00ednh;\u200c<br>*Gi\u1eef cu\u1ed9n d\u00e2y \u00e2m thanh v\u00e0 gi\u1ea5y tr\u1ed1ng \u0111\u01b0\u1ee3c k\u1ebft n\u1ed1i \u0111\u00fang c\u00e1ch v\u00e0 duy tr\u00ec v\u1ecb tr\u00ed trung t\u00e2m. \u200c\u200c<br>V\u1eadt li\u1ec7u v\u00e0 s\u1ea3n xu\u1ea5t<br>*C\u00e1c lo\u1ea1i v\u1ea3i c\u00f3 ch\u1ea5t li\u1ec7u kh\u00e1c nhau (ch\u1ee7 y\u1ebfu l\u00e0 NOMAX, CONNEX, COTTON, NC, v.v.) l\u00e0 ch\u1ea5t li\u1ec7u nhi\u1ec7t v\u00e0 \u0111\u01b0\u1ee3c h\u00ecnh th\u00e0nh trong c\u00e1c \u0111i\u1ec1u ki\u1ec7n th\u00edch h\u1ee3p (nhi\u1ec7t \u0111\u1ed9, th\u1eddi gian, \u00e1p su\u1ea5t) th\u00f4ng qua t\u1ef7 l\u1ec7 gi\u1eefa nh\u1ef1a phenolic v\u00e0 dung m\u00f4i. \u200c\u200c<br>\u1ee9ng d\u1ee5ng<br>* \u0110\u1ed9 m\u1ec1m m\u1ea1i t\u1ed1t c\u1ee7a s\u00f3ng \u0111\u00e0n h\u1ed3i \u0111\u1ea3m b\u1ea3o ch\u1ea5t l\u01b0\u1ee3ng \u00e2m thanh ph\u00e1t ra \u1ed5n \u0111\u1ecbnh v\u00e0 nh\u1ea5t qu\u00e1n t\u1eeb loa.<br>*H\u1ee3p t\u00e1c t\u1ed1t nh\u1ea5t v\u1edbi c\u00e1c \u0111\u01a1n v\u1ecb kh\u00e1c nh\u01b0 gi\u1ea5y tr\u1ed1ng cu\u1ed9n d\u00e2y tho\u1ea1i \u0111\u1ec3 \u0111\u1ea3m b\u1ea3o s\u1ef1 \u1ed5n \u0111\u1ecbnh v\u00e0 tin c\u1eady c\u1ee7a t\u1ea7n s\u1ed1 c\u1ed9ng h\u01b0\u1edfng (\u200cfo). \u200c<br>C\u00f3 th\u1ec3 cung c\u1ea5p c\u00e1c s\u1ea3n ph\u1ea9m c\u00f3 th\u00f4ng s\u1ed1 k\u1ef9 thu\u1eadt v\u00e0 ki\u1ec3u d\u00e1ng kh\u00e1c nhau nh\u01b0 m\u1eb7t ph\u1eb3ng v\u00e0 d\u00e2y \u0111i\u1ec7n; ch\u00fang c\u00f3 th\u1ec3 \u0111\u01b0\u1ee3c s\u1ea3n xu\u1ea5t theo y\u00eau c\u1ea7u.<\/p>\n\n\n\n<div class=\"wp-block-uagb-container uagb-block-5ed203e7 alignfull uagb-is-root-container\"><div class=\"uagb-container-inner-blocks-wrap\">\n<div class=\"wp-block-uagb-container uagb-block-9c695ecf\">\n<div class=\"wp-block-uagb-image uagb-block-e5d64e8d wp-block-uagb-image--layout-default wp-block-uagb-image--effect-static wp-block-uagb-image--align-none\"><figure class=\"wp-block-uagb-image__figure\"><img decoding=\"async\" srcset=\"https:\/\/epinpoxweb.com\/wp-content\/uploads\/2024\/10\/IMG_4074.png ,https:\/\/epinpoxweb.com\/wp-content\/uploads\/2024\/10\/IMG_4074.png 780w, https:\/\/epinpoxweb.com\/wp-content\/uploads\/2024\/10\/IMG_4074.png 360w\" sizes=\"(max-width: 480px) 150px\" src=\"https:\/\/epinpoxweb.com\/wp-content\/uploads\/2024\/10\/IMG_4074.png\" alt=\"\" class=\"uag-image-2910\" width=\"800\" height=\"800\" title=\"IMG_4074\" loading=\"lazy\" role=\"img\"\/><\/figure><\/div>\n<\/div>\n\n\n\n<div class=\"wp-block-uagb-container uagb-block-7b819e5d\">\n<div class=\"wp-block-uagb-image uagb-block-a7b7269a wp-block-uagb-image--layout-default wp-block-uagb-image--effect-static wp-block-uagb-image--align-none\"><figure class=\"wp-block-uagb-image__figure\"><img decoding=\"async\" srcset=\"https:\/\/epinpoxweb.com\/wp-content\/uploads\/2024\/10\/IMG_4053.png ,https:\/\/epinpoxweb.com\/wp-content\/uploads\/2024\/10\/IMG_4053.png 780w, https:\/\/epinpoxweb.com\/wp-content\/uploads\/2024\/10\/IMG_4053.png 360w\" sizes=\"(max-width: 480px) 150px\" src=\"https:\/\/epinpoxweb.com\/wp-content\/uploads\/2024\/10\/IMG_4053.png\" alt=\"\" class=\"uag-image-2908\" width=\"800\" height=\"800\" title=\"IMG_4053\" loading=\"lazy\" role=\"img\"\/><\/figure><\/div>\n<\/div>\n\n\n\n<div class=\"wp-block-uagb-container uagb-block-3d591564\">\n<div class=\"wp-block-uagb-image uagb-block-12766fcb wp-block-uagb-image--layout-default wp-block-uagb-image--effect-static wp-block-uagb-image--align-none\"><figure class=\"wp-block-uagb-image__figure\"><img decoding=\"async\" srcset=\"https:\/\/epinpoxweb.com\/wp-content\/uploads\/2024\/10\/IMG_4324.png ,https:\/\/epinpoxweb.com\/wp-content\/uploads\/2024\/10\/IMG_4324.png 780w, https:\/\/epinpoxweb.com\/wp-content\/uploads\/2024\/10\/IMG_4324.png 360w\" sizes=\"(max-width: 480px) 150px\" src=\"https:\/\/epinpoxweb.com\/wp-content\/uploads\/2024\/10\/IMG_4324.png\" alt=\"\" class=\"uag-image-2911\" width=\"800\" height=\"800\" title=\"IMG_4324\" loading=\"lazy\" role=\"img\"\/><\/figure><\/div>\n<\/div>\n<\/div><\/div>\n\n\n\n<div class=\"wp-block-columns is-layout-flex wp-container-core-columns-is-layout-1 wp-block-columns-is-layout-flex\">\n<div class=\"wp-block-column is-layout-flow wp-block-column-is-layout-flow\">\n<div class=\"wp-block-uagb-image uagb-block-e06250c5 wp-block-uagb-image--layout-default wp-block-uagb-image--effect-static wp-block-uagb-image--align-none\"><figure class=\"wp-block-uagb-image__figure\"><img decoding=\"async\" srcset=\"https:\/\/epinpoxweb.com\/wp-content\/uploads\/2024\/10\/IMG_4349.png ,https:\/\/epinpoxweb.com\/wp-content\/uploads\/2024\/10\/IMG_4349.png 780w, https:\/\/epinpoxweb.com\/wp-content\/uploads\/2024\/10\/IMG_4349.png 360w\" sizes=\"(max-width: 480px) 150px\" src=\"https:\/\/epinpoxweb.com\/wp-content\/uploads\/2024\/10\/IMG_4349.png\" alt=\"\" class=\"uag-image-2912\" width=\"800\" height=\"800\" title=\"IMG_4349\" loading=\"lazy\" role=\"img\"\/><\/figure><\/div>\n<\/div>\n\n\n\n<div class=\"wp-block-column is-layout-flow wp-block-column-is-layout-flow\">\n<div class=\"wp-block-uagb-image uagb-block-550bf91c wp-block-uagb-image--layout-default wp-block-uagb-image--effect-static wp-block-uagb-image--align-none\"><figure class=\"wp-block-uagb-image__figure\"><img decoding=\"async\" srcset=\"https:\/\/epinpoxweb.com\/wp-content\/uploads\/2024\/10\/IMG_4063.png ,https:\/\/epinpoxweb.com\/wp-content\/uploads\/2024\/10\/IMG_4063.png 780w, https:\/\/epinpoxweb.com\/wp-content\/uploads\/2024\/10\/IMG_4063.png 360w\" sizes=\"(max-width: 480px) 150px\" src=\"https:\/\/epinpoxweb.com\/wp-content\/uploads\/2024\/10\/IMG_4063.png\" alt=\"\" class=\"uag-image-2913\" width=\"800\" height=\"800\" title=\"IMG_4063\" loading=\"lazy\" role=\"img\"\/><\/figure><\/div>\n<\/div>\n\n\n\n<div class=\"wp-block-column is-layout-flow wp-block-column-is-layout-flow\">\n<div class=\"wp-block-uagb-image uagb-block-afa052c8 wp-block-uagb-image--layout-default wp-block-uagb-image--effect-static wp-block-uagb-image--align-none\"><figure class=\"wp-block-uagb-image__figure\"><img decoding=\"async\" srcset=\"https:\/\/epinpoxweb.com\/wp-content\/uploads\/2024\/10\/IMG_4288.png ,https:\/\/epinpoxweb.com\/wp-content\/uploads\/2024\/10\/IMG_4288.png 780w, https:\/\/epinpoxweb.com\/wp-content\/uploads\/2024\/10\/IMG_4288.png 360w\" sizes=\"(max-width: 480px) 150px\" src=\"https:\/\/epinpoxweb.com\/wp-content\/uploads\/2024\/10\/IMG_4288.png\" alt=\"\" class=\"uag-image-2914\" width=\"800\" height=\"800\" title=\"IMG_4288\" loading=\"lazy\" role=\"img\"\/><\/figure><\/div>\n<\/div>\n<\/div>","protected":false},"excerpt":{"rendered":"<p>\u3010\u5f39\u6ce2\u7c7b\u3011\u5f39\u6ce2\uff0c\u200c\u5b66\u540d\u5b9a\u5fc3\u652f\u7247\uff0c\u200c\u82f1\u6587\u540ddamper\u3002\u626c\u58f0\u5668\u7cfb\u7edf\u7684\u91cd\u8981\u7ec4\u6210\u90e8\u4ef6\u3002\u200c\u2014\u2014\u4f5c\u7528\u4e0e\u529f\u80fd\u200c\u5f39\u6ce2\u662f\u626c\u58f0\u5668 [&hellip;]<\/p>","protected":false},"author":2,"featured_media":0,"parent":0,"menu_order":0,"comment_status":"closed","ping_status":"closed","template":"","meta":{"_uag_custom_page_level_css":"","site-sidebar-layout":"default","site-content-layout":"","ast-site-content-layout":"default","site-content-style":"default","site-sidebar-style":"default","ast-global-header-display":"","ast-banner-title-visibility":"","ast-main-header-display":"","ast-hfb-above-header-display":"","ast-hfb-below-header-display":"","ast-hfb-mobile-header-display":"","site-post-title":"","ast-breadcrumbs-content":"","ast-featured-img":"","footer-sml-layout":"","theme-transparent-header-meta":"","adv-header-id-meta":"","stick-header-meta":"","header-above-stick-meta":"","header-main-stick-meta":"","header-below-stick-meta":"","astra-migrate-meta-layouts":"set","ast-page-background-enabled":"default","ast-page-background-meta":{"desktop":{"background-color":"var(--ast-global-color-4)","background-image":"","background-repeat":"repeat","background-position":"center center","background-size":"auto","background-attachment":"scroll","background-type":"","background-media":"","overlay-type":"","overlay-color":"","overlay-opacity":"","overlay-gradient":""},"tablet":{"background-color":"","background-image":"","background-repeat":"repeat","background-position":"center center","background-size":"auto","background-attachment":"scroll","background-type":"","background-media":"","overlay-type":"","overlay-color":"","overlay-opacity":"","overlay-gradient":""},"mobile":{"background-color":"","background-image":"","background-repeat":"repeat","background-position":"center center","background-size":"auto","background-attachment":"scroll","background-type":"","background-media":"","overlay-type":"","overlay-color":"","overlay-opacity":"","overlay-gradient":""}},"ast-content-background-meta":{"desktop":{"background-color":"var(--ast-global-color-5)","background-image":"","background-repeat":"repeat","background-position":"center center","background-size":"auto","background-attachment":"scroll","background-type":"","background-media":"","overlay-type":"","overlay-color":"","overlay-opacity":"","overlay-gradient":""},"tablet":{"background-color":"var(--ast-global-color-5)","background-image":"","background-repeat":"repeat","background-position":"center center","background-size":"auto","background-attachment":"scroll","background-type":"","background-media":"","overlay-type":"","overlay-color":"","overlay-opacity":"","overlay-gradient":""},"mobile":{"background-color":"var(--ast-global-color-5)","background-image":"","background-repeat":"repeat","background-position":"center center","background-size":"auto","background-attachment":"scroll","background-type":"","background-media":"","overlay-type":"","overlay-color":"","overlay-opacity":"","overlay-gradient":""}},"footnotes":""},"class_list":["post-2616","page","type-page","status-publish","hentry"],"uagb_featured_image_src":{"full":false,"thumbnail":false,"medium":false,"medium_large":false,"large":false,"1536x1536":false,"2048x2048":false,"trp-custom-language-flag":false},"uagb_author_info":{"display_name":"Chris","author_link":"https:\/\/epinpoxweb.com\/vi\/author\/chris\/"},"uagb_comment_info":0,"uagb_excerpt":"\u3010\u5f39\u6ce2\u7c7b\u3011\u5f39\u6ce2\uff0c\u200c\u5b66\u540d\u5b9a\u5fc3\u652f\u7247\uff0c\u200c\u82f1\u6587\u540ddamper\u3002\u626c\u58f0\u5668\u7cfb\u7edf\u7684\u91cd\u8981\u7ec4\u6210\u90e8\u4ef6\u3002\u200c\u2014\u2014\u4f5c\u7528\u4e0e\u529f\u80fd\u200c\u5f39\u6ce2\u662f\u626c\u58f0\u5668&hellip;","_links":{"self":[{"href":"https:\/\/epinpoxweb.com\/vi\/wp-json\/wp\/v2\/pages\/2616"}],"collection":[{"href":"https:\/\/epinpoxweb.com\/vi\/wp-json\/wp\/v2\/pages"}],"about":[{"href":"https:\/\/epinpoxweb.com\/vi\/wp-json\/wp\/v2\/types\/page"}],"author":[{"embeddable":true,"href":"https:\/\/epinpoxweb.com\/vi\/wp-json\/wp\/v2\/users\/2"}],"replies":[{"embeddable":true,"href":"https:\/\/epinpoxweb.com\/vi\/wp-json\/wp\/v2\/comments?post=2616"}],"version-history":[{"count":5,"href":"https:\/\/epinpoxweb.com\/vi\/wp-json\/wp\/v2\/pages\/2616\/revisions"}],"predecessor-version":[{"id":2915,"href":"https:\/\/epinpoxweb.com\/vi\/wp-json\/wp\/v2\/pages\/2616\/revisions\/2915"}],"wp:attachment":[{"href":"https:\/\/epinpoxweb.com\/vi\/wp-json\/wp\/v2\/media?parent=2616"}],"curies":[{"name":"wp","href":"https:\/\/api.w.org\/{rel}","templated":true}]}}